{"id":693,"date":"2022-08-02T16:30:13","date_gmt":"2022-08-02T16:30:13","guid":{"rendered":"https:\/\/cestcoolraoul.fr\/?page_id=693"},"modified":"2025-08-03T15:22:52","modified_gmt":"2025-08-03T15:22:52","slug":"accueil","status":"publish","type":"page","link":"https:\/\/cestcoolraoul.fr\/","title":{"rendered":"Vous allez vous r\u00e9galer !"},"content":{"rendered":"\n<p>Plus qu&rsquo;un clic pour atteindre ce qui vous int\u00e9resse vraiment&#8230;<\/p>\n\n\n\n<div class=\"wp-container-5 wp-block-columns\">\n<div class=\"wp-container-1 wp-block-column\">\n<figure class=\"wp-block-image size-large\"><a href=\"https:\/\/cestcoolraoul.fr\/?cat=64\"><img loading=\"lazy\" width=\"768\" height=\"1024\" src=\"https:\/\/cestcoolraoul.fr\/wp-content\/uploads\/2025\/08\/IMG_3853-768x1024.jpg\" alt=\"\" class=\"wp-image-861\" srcset=\"https:\/\/cestcoolraoul.fr\/wp-content\/uploads\/2025\/08\/IMG_3853-768x1024.jpg 768w, https:\/\/cestcoolraoul.fr\/wp-content\/uploads\/2025\/08\/IMG_3853-225x300.jpg 225w, https:\/\/cestcoolraoul.fr\/wp-content\/uploads\/2025\/08\/IMG_3853-1152x1536.jpg 1152w, https:\/\/cestcoolraoul.fr\/wp-content\/uploads\/2025\/08\/IMG_3853-1536x2048.jpg 1536w, https:\/\/cestcoolraoul.fr\/wp-content\/uploads\/2025\/08\/IMG_3853-scaled.jpg 1920w\" sizes=\"(max-width: 768px) 100vw, 768px\" \/><\/a><\/figure>\n\n\n\n<p class=\"has-text-align-center\"><a href=\"https:\/\/cestcoolraoul.fr\/?cat=64\" data-type=\"URL\" data-id=\"https:\/\/cestcoolraoul.fr\/?cat=64\">CUISINER<\/a><\/p>\n<\/div>\n\n\n\n<div class=\"wp-container-2 wp-block-column\">\n<figure class=\"wp-block-image size-large\"><a href=\"https:\/\/cestcoolraoul.fr\/?cat=60\"><img loading=\"lazy\" width=\"768\" height=\"1024\" src=\"https:\/\/cestcoolraoul.fr\/wp-content\/uploads\/2025\/08\/PHOTO-2025-07-16-17-34-11-768x1024.jpg\" alt=\"\" class=\"wp-image-864\" srcset=\"https:\/\/cestcoolraoul.fr\/wp-content\/uploads\/2025\/08\/PHOTO-2025-07-16-17-34-11-768x1024.jpg 768w, https:\/\/cestcoolraoul.fr\/wp-content\/uploads\/2025\/08\/PHOTO-2025-07-16-17-34-11-225x300.jpg 225w, https:\/\/cestcoolraoul.fr\/wp-content\/uploads\/2025\/08\/PHOTO-2025-07-16-17-34-11-1152x1536.jpg 1152w, https:\/\/cestcoolraoul.fr\/wp-content\/uploads\/2025\/08\/PHOTO-2025-07-16-17-34-11.jpg 1200w\" sizes=\"(max-width: 768px) 100vw, 768px\" \/><\/a><\/figure>\n\n\n\n<p class=\"has-text-align-center\"><a href=\"https:\/\/cestcoolraoul.fr\/?cat=60\" data-type=\"URL\" data-id=\"https:\/\/cestcoolraoul.fr\/?cat=60\">CONSOMMER<\/a><\/p>\n<\/div>\n\n\n\n<div class=\"wp-container-3 wp-block-column\">\n<figure class=\"wp-block-image size-large\"><a href=\"https:\/\/cestcoolraoul.fr\/?cat=62\"><img loading=\"lazy\" width=\"768\" height=\"1024\" src=\"https:\/\/cestcoolraoul.fr\/wp-content\/uploads\/2025\/08\/IMG_3875-1-768x1024.jpg\" alt=\"\" class=\"wp-image-863\" srcset=\"https:\/\/cestcoolraoul.fr\/wp-content\/uploads\/2025\/08\/IMG_3875-1-768x1024.jpg 768w, https:\/\/cestcoolraoul.fr\/wp-content\/uploads\/2025\/08\/IMG_3875-1-225x300.jpg 225w, https:\/\/cestcoolraoul.fr\/wp-content\/uploads\/2025\/08\/IMG_3875-1-1152x1536.jpg 1152w, https:\/\/cestcoolraoul.fr\/wp-content\/uploads\/2025\/08\/IMG_3875-1-1536x2048.jpg 1536w, https:\/\/cestcoolraoul.fr\/wp-content\/uploads\/2025\/08\/IMG_3875-1-scaled.jpg 1920w\" sizes=\"(max-width: 768px) 100vw, 768px\" \/><\/a><\/figure>\n\n\n\n<p class=\"has-text-align-center\"><a href=\"https:\/\/cestcoolraoul.fr\/?cat=62\" data-type=\"URL\" data-id=\"https:\/\/cestcoolraoul.fr\/?cat=62\">VIVRE<\/a><\/p>\n<\/div>\n\n\n\n<div class=\"wp-container-4 wp-block-column\">\n<figure class=\"wp-block-image size-large\"><a href=\"https:\/\/cestcoolraoul.fr\/?cat=61\"><img loading=\"lazy\" width=\"768\" height=\"1024\" src=\"https:\/\/cestcoolraoul.fr\/wp-content\/uploads\/2025\/08\/IMG_3813-768x1024.jpeg\" alt=\"\" class=\"wp-image-865\" srcset=\"https:\/\/cestcoolraoul.fr\/wp-content\/uploads\/2025\/08\/IMG_3813-768x1024.jpeg 768w, https:\/\/cestcoolraoul.fr\/wp-content\/uploads\/2025\/08\/IMG_3813-225x300.jpeg 225w, https:\/\/cestcoolraoul.fr\/wp-content\/uploads\/2025\/08\/IMG_3813-1152x1536.jpeg 1152w, https:\/\/cestcoolraoul.fr\/wp-content\/uploads\/2025\/08\/IMG_3813-1536x2048.jpeg 1536w, https:\/\/cestcoolraoul.fr\/wp-content\/uploads\/2025\/08\/IMG_3813-scaled.jpeg 1920w\" sizes=\"(max-width: 768px) 100vw, 768px\" \/><\/a><\/figure>\n\n\n\n<p class=\"has-text-align-center\"><a href=\"https:\/\/cestcoolraoul.fr\/?cat=61\" data-type=\"URL\" data-id=\"https:\/\/cestcoolraoul.fr\/?cat=61\">GLOCAL<\/a><\/p>\n<\/div>\n<\/div>\n\n\n\n<p>Sinon, laissez vous porter sur nos articles de l&rsquo;\u00e9t\u00e9 : <\/p>\n\n\n<ul class=\"wp-block-latest-posts__list is-grid columns-3 has-author wp-block-latest-posts\"><li><div class=\"wp-block-latest-posts__featured-image\"><a href=\"https:\/\/cestcoolraoul.fr\/?p=725\" aria-label=\"Salade tomates, concombre, basilic\"><img width=\"150\" height=\"150\" src=\"https:\/\/cestcoolraoul.fr\/wp-content\/uploads\/2022\/08\/IMG_4333-150x150.jpg\" class=\"attachment-thumbnail size-thumbnail wp-post-image\" alt=\"\" loading=\"lazy\" style=\"\" \/><\/a><\/div><a class=\"wp-block-latest-posts__post-title\" href=\"https:\/\/cestcoolraoul.fr\/?p=725\">Salade tomates, concombre, basilic<\/a><div class=\"wp-block-latest-posts__post-author\">par Lena<\/div><\/li>\n<li><div class=\"wp-block-latest-posts__featured-image\"><a href=\"https:\/\/cestcoolraoul.fr\/?p=594\" aria-label=\"Fougasses\"><img width=\"150\" height=\"150\" src=\"https:\/\/cestcoolraoul.fr\/wp-content\/uploads\/2016\/07\/fougasse_de_geek-150x150.jpg\" class=\"attachment-thumbnail size-thumbnail wp-post-image\" alt=\"\" loading=\"lazy\" style=\"\" srcset=\"https:\/\/cestcoolraoul.fr\/wp-content\/uploads\/2016\/07\/fougasse_de_geek-150x150.jpg 150w, https:\/\/cestcoolraoul.fr\/wp-content\/uploads\/2016\/07\/fougasse_de_geek-300x300.jpg 300w, https:\/\/cestcoolraoul.fr\/wp-content\/uploads\/2016\/07\/fougasse_de_geek.jpg 960w\" sizes=\"(max-width: 150px) 100vw, 150px\" \/><\/a><\/div><a class=\"wp-block-latest-posts__post-title\" href=\"https:\/\/cestcoolraoul.fr\/?p=594\">Fougasses<\/a><div class=\"wp-block-latest-posts__post-author\">par aberthet<\/div><\/li>\n<li><div class=\"wp-block-latest-posts__featured-image\"><a href=\"https:\/\/cestcoolraoul.fr\/?p=149\" aria-label=\"Moussaka rapide mais n\u00e9anmoins trop bonne\"><img width=\"150\" height=\"150\" src=\"https:\/\/cestcoolraoul.fr\/wp-content\/uploads\/2010\/06\/IMG_3853-150x150.jpg\" class=\"attachment-thumbnail size-thumbnail wp-post-image\" alt=\"\" loading=\"lazy\" style=\"\" \/><\/a><\/div><a class=\"wp-block-latest-posts__post-title\" href=\"https:\/\/cestcoolraoul.fr\/?p=149\">Moussaka rapide mais n\u00e9anmoins trop bonne<\/a><div class=\"wp-block-latest-posts__post-author\">par aberthet<\/div><\/li>\n<\/ul>","protected":false},"excerpt":{"rendered":"<p>Plus qu&rsquo;un clic pour atteindre ce qui vous int\u00e9resse vraiment&#8230; CUISINER CONSOMMER VIVRE GLOCAL Sinon, laissez vous porter sur nos articles de l&rsquo;\u00e9t\u00e9 :<\/p>\n","protected":false},"author":2,"featured_media":0,"parent":0,"menu_order":0,"comment_status":"closed","ping_status":"closed","template":"","meta":[],"_links":{"self":[{"href":"https:\/\/cestcoolraoul.fr\/index.php?rest_route=\/wp\/v2\/pages\/693"}],"collection":[{"href":"https:\/\/cestcoolraoul.fr\/index.php?rest_route=\/wp\/v2\/pages"}],"about":[{"href":"https:\/\/cestcoolraoul.fr\/index.php?rest_route=\/wp\/v2\/types\/page"}],"author":[{"embeddable":true,"href":"https:\/\/cestcoolraoul.fr\/index.php?rest_route=\/wp\/v2\/users\/2"}],"replies":[{"embeddable":true,"href":"https:\/\/cestcoolraoul.fr\/index.php?rest_route=%2Fwp%2Fv2%2Fcomments&post=693"}],"version-history":[{"count":7,"href":"https:\/\/cestcoolraoul.fr\/index.php?rest_route=\/wp\/v2\/pages\/693\/revisions"}],"predecessor-version":[{"id":871,"href":"https:\/\/cestcoolraoul.fr\/index.php?rest_route=\/wp\/v2\/pages\/693\/revisions\/871"}],"wp:attachment":[{"href":"https:\/\/cestcoolraoul.fr\/index.php?rest_route=%2Fwp%2Fv2%2Fmedia&parent=693"}],"curies":[{"name":"wp","href":"https:\/\/api.w.org\/{rel}","templated":true}]}}