{"id":701,"date":"2022-08-02T16:43:14","date_gmt":"2022-08-02T16:43:14","guid":{"rendered":"https:\/\/cestcoolraoul.fr\/?page_id=701"},"modified":"2025-08-02T18:08:40","modified_gmt":"2025-08-02T18:08:40","slug":"les-menus-de-la-semaine","status":"publish","type":"page","link":"https:\/\/cestcoolraoul.fr\/?page_id=701","title":{"rendered":"\ud83d\uddd3\ufe0f \u2022 Ton menu de la semaine"},"content":{"rendered":"\n<p>Cette page est encore en cours de cr\u00e9ation. On esp\u00e8re vous proposer un menu d\u00e8s la semaine prochaine ! Reviens vite.<\/p>\n\n\n\n<p><\/p>\n\n\n\n<p>L&rsquo;\u00e9qui c&rsquo;est cool Raoul<\/p>\n","protected":false},"excerpt":{"rendered":"<p>Cette page est encore en cours de cr\u00e9ation. On esp\u00e8re vous proposer un menu d\u00e8s la semaine prochaine ! Reviens vite. L&rsquo;\u00e9qui c&rsquo;est cool Raoul<\/p>\n","protected":false},"author":2,"featured_media":0,"parent":0,"menu_order":0,"comment_status":"closed","ping_status":"closed","template":"","meta":[],"_links":{"self":[{"href":"https:\/\/cestcoolraoul.fr\/index.php?rest_route=\/wp\/v2\/pages\/701"}],"collection":[{"href":"https:\/\/cestcoolraoul.fr\/index.php?rest_route=\/wp\/v2\/pages"}],"about":[{"href":"https:\/\/cestcoolraoul.fr\/index.php?rest_route=\/wp\/v2\/types\/page"}],"author":[{"embeddable":true,"href":"https:\/\/cestcoolraoul.fr\/index.php?rest_route=\/wp\/v2\/users\/2"}],"replies":[{"embeddable":true,"href":"https:\/\/cestcoolraoul.fr\/index.php?rest_route=%2Fwp%2Fv2%2Fcomments&post=701"}],"version-history":[{"count":3,"href":"https:\/\/cestcoolraoul.fr\/index.php?rest_route=\/wp\/v2\/pages\/701\/revisions"}],"predecessor-version":[{"id":795,"href":"https:\/\/cestcoolraoul.fr\/index.php?rest_route=\/wp\/v2\/pages\/701\/revisions\/795"}],"wp:attachment":[{"href":"https:\/\/cestcoolraoul.fr\/index.php?rest_route=%2Fwp%2Fv2%2Fmedia&parent=701"}],"curies":[{"name":"wp","href":"https:\/\/api.w.org\/{rel}","templated":true}]}}